{"id":7890,"date":"2025-08-27T08:07:33","date_gmt":"2025-08-27T08:07:33","guid":{"rendered":"https:\/\/urmet-vezave.si\/?post_type=product&#038;p=7890"},"modified":"2025-08-27T08:26:24","modified_gmt":"2025-08-27T08:26:24","slug":"hotelski-sustav-perseo","status":"publish","type":"product","link":"https:\/\/urmet-vezave.si\/hr\/izdelki\/hotelski-i-sos-sustavi\/hotelski-sustav-perseo\/","title":{"rendered":"Hotelski sustav Perseo"},"content":{"rendered":"","protected":false},"excerpt":{"rendered":"<p>Perseo je skalabilan sustav za upravljanje hotelima koji se mo\u017ee prilagoditi zahtjevima i potrebama svakog klijenta. Jednim sustavom mogu\u0107e je upravljanje recepcijom, u\u0161tedom energije, kontrolom pristupa, sigurnosnim sustavom i sobnim uslugama.<\/p>\n","protected":false},"featured_media":7891,"template":"","meta":[],"product_cat":[128],"product_tag":[],"_links":{"self":[{"href":"https:\/\/urmet-vezave.si\/hr\/wp-json\/wp\/v2\/product\/7890"}],"collection":[{"href":"https:\/\/urmet-vezave.si\/hr\/wp-json\/wp\/v2\/product"}],"about":[{"href":"https:\/\/urmet-vezave.si\/hr\/wp-json\/wp\/v2\/types\/product"}],"wp:featuredmedia":[{"embeddable":true,"href":"https:\/\/urmet-vezave.si\/hr\/wp-json\/wp\/v2\/media\/7891"}],"wp:attachment":[{"href":"https:\/\/urmet-vezave.si\/hr\/wp-json\/wp\/v2\/media?parent=7890"}],"wp:term":[{"taxonomy":"product_cat","embeddable":true,"href":"https:\/\/urmet-vezave.si\/hr\/wp-json\/wp\/v2\/product_cat?post=7890"},{"taxonomy":"product_tag","embeddable":true,"href":"https:\/\/urmet-vezave.si\/hr\/wp-json\/wp\/v2\/product_tag?post=7890"}],"curies":[{"name":"wp","href":"https:\/\/api.w.org\/{rel}","templated":true}]}}