{"id":7330,"date":"2023-04-21T13:34:09","date_gmt":"2023-04-21T13:34:09","guid":{"rendered":"https:\/\/urmet-vezave.si\/izdelki\/Bez%20kategorije\/monitor-vog-7\/"},"modified":"2024-01-24T14:15:49","modified_gmt":"2024-01-24T14:15:49","slug":"monitor-vog-7","status":"publish","type":"product","link":"https:\/\/urmet-vezave.si\/hr\/izdelki\/domofoni\/monitor-vog-7\/","title":{"rendered":"Monitor VOG 7"},"content":{"rendered":"","protected":false},"excerpt":{"rendered":"<p>Nova linija VOG monitora za domofonske sustave.<\/p>\n<p>VOG7<br \/>\n7\u201d zaslon osjetljiv na dodir, 1024x600px.<br \/>\nOsvetljena Home tipka.<br \/>\n2Mpx kamera.<br \/>\nLAN i WiFi.<br \/>\nMicroSD slot<br \/>\nUgra\u0111ena kontrola Yokis sustava ku\u0107ne automatizacije.<br \/>\nUgra\u0111en mifare \u010dita\u010d.<br \/>\nNadgradna ili ugradna monta\u017ea.<br \/>\nPredinstalirana podr\u0161ka za preusmjeravanje poziva na pametni telefon putem WiFi mre\u017ee.<br \/>\nDimenzije: 212 x 138 x 24mm.<\/p>\n<p><a href=\"https:\/\/urmet-vezave.si\/wp-content\/uploads\/2023\/04\/DATASHEET_VOG7-1.pdf\" target=\"_blank\" rel=\"noopener\">TEHNI\u010cKI_LIST_VOG7<\/a><br \/>\n<a href=\"https:\/\/urmet-vezave.si\/wp-content\/uploads\/2023\/04\/VOG-7-Installation-Manual-1.pdf\" target=\"_blank\" rel=\"noopener\">UPUTE_VOG7<\/a><br \/>\n<a href=\"https:\/\/urmet-vezave.si\/wp-content\/uploads\/2023\/04\/CERTIFIKAT_VOG7.pdf\" target=\"_blank\" rel=\"noopener\">CERTIFIKAT_VOG7<\/a><\/p>\n","protected":false},"featured_media":7307,"template":"","meta":[],"product_cat":[115,29],"product_tag":[],"_links":{"self":[{"href":"https:\/\/urmet-vezave.si\/hr\/wp-json\/wp\/v2\/product\/7330"}],"collection":[{"href":"https:\/\/urmet-vezave.si\/hr\/wp-json\/wp\/v2\/product"}],"about":[{"href":"https:\/\/urmet-vezave.si\/hr\/wp-json\/wp\/v2\/types\/product"}],"wp:featuredmedia":[{"embeddable":true,"href":"https:\/\/urmet-vezave.si\/hr\/wp-json\/wp\/v2\/media\/7307"}],"wp:attachment":[{"href":"https:\/\/urmet-vezave.si\/hr\/wp-json\/wp\/v2\/media?parent=7330"}],"wp:term":[{"taxonomy":"product_cat","embeddable":true,"href":"https:\/\/urmet-vezave.si\/hr\/wp-json\/wp\/v2\/product_cat?post=7330"},{"taxonomy":"product_tag","embeddable":true,"href":"https:\/\/urmet-vezave.si\/hr\/wp-json\/wp\/v2\/product_tag?post=7330"}],"curies":[{"name":"wp","href":"https:\/\/api.w.org\/{rel}","templated":true}]}}