{"id":3635,"date":"2021-12-15T15:58:46","date_gmt":"2021-12-15T15:58:46","guid":{"rendered":"https:\/\/urmet-vezave.si\/?post_type=product&#038;p=3635"},"modified":"2024-01-24T14:34:20","modified_gmt":"2024-01-24T14:34:20","slug":"mikra2-1060-21-vanjska-jedinica-ipercom","status":"publish","type":"product","link":"https:\/\/urmet-vezave.si\/hr\/izdelki\/domofoni\/ipercom\/mikra2-1060-21-vanjska-jedinica-ipercom\/","title":{"rendered":"Mikra2 1060\/21 vanjska jedinica iPerCom"},"content":{"rendered":"","protected":false},"excerpt":{"rendered":"<p>IP PoE Mikra2 vanjska video jedinica sa jednom pozivnom tipkom za iPerCom susteve.<\/p>\n<p>Dolazi sa ugra\u0111enim MIfare Classic \u010dita\u010dem.<\/p>\n<p><a href=\"https:\/\/urmet-vezave.si\/wp-content\/uploads\/2021\/12\/DATASHEET_1060_21.pdf\" target=\"_blank\" rel=\"noopener\">TEHNI\u010cKI LIST_1060_21<\/a><br \/>\n<a href=\"https:\/\/urmet-vezave.si\/wp-content\/uploads\/2021\/12\/CERTIFIKAT_1060_21.pdf\" target=\"_blank\" rel=\"noopener\">CERTIFIKAT_1060_21<\/a><br \/>\n<a href=\"https:\/\/urmet-vezave.si\/wp-content\/uploads\/2021\/12\/UPUTE_1060_21.pdf\" target=\"_blank\" rel=\"noopener\">UPUTE_1060_21<\/a><\/p>\n","protected":false},"featured_media":4694,"template":"","meta":[],"product_cat":[59],"product_tag":[],"_links":{"self":[{"href":"https:\/\/urmet-vezave.si\/hr\/wp-json\/wp\/v2\/product\/3635"}],"collection":[{"href":"https:\/\/urmet-vezave.si\/hr\/wp-json\/wp\/v2\/product"}],"about":[{"href":"https:\/\/urmet-vezave.si\/hr\/wp-json\/wp\/v2\/types\/product"}],"wp:featuredmedia":[{"embeddable":true,"href":"https:\/\/urmet-vezave.si\/hr\/wp-json\/wp\/v2\/media\/4694"}],"wp:attachment":[{"href":"https:\/\/urmet-vezave.si\/hr\/wp-json\/wp\/v2\/media?parent=3635"}],"wp:term":[{"taxonomy":"product_cat","embeddable":true,"href":"https:\/\/urmet-vezave.si\/hr\/wp-json\/wp\/v2\/product_cat?post=3635"},{"taxonomy":"product_tag","embeddable":true,"href":"https:\/\/urmet-vezave.si\/hr\/wp-json\/wp\/v2\/product_tag?post=3635"}],"curies":[{"name":"wp","href":"https:\/\/api.w.org\/{rel}","templated":true}]}}