{"id":3618,"date":"2021-12-15T15:41:27","date_gmt":"2021-12-15T15:41:27","guid":{"rendered":"https:\/\/urmet-vezave.si\/?post_type=product&#038;p=3618"},"modified":"2024-01-25T12:33:04","modified_gmt":"2024-01-25T12:33:04","slug":"alpha-videoportafonski-sustav","status":"publish","type":"product","link":"https:\/\/urmet-vezave.si\/hr\/izdelki\/domofoni\/2voice\/alpha-videoportafonski-sustav\/","title":{"rendered":"Alpha videoportafonski sustav"},"content":{"rendered":"","protected":false},"excerpt":{"rendered":"<p>Nova linija modularnih ulaznih jedinica<br \/>\nPrikaz tijeka poziva i izbornik na hrvatskom jeziku<br \/>\nProgramiranje upotrebom Wi-Fi veze sa vanjskom jedinicom<br \/>\nIP55 stupanj za\u0161tite od pra\u0161ine i vlage<br \/>\nIK08 stupanj za\u0161tite od udarca<br \/>\n\u0160irokokutna kamera 113\u00b0 \/ 92\u00b0<br \/>\n&#8220;Twilight&#8221; senzor za optimalno no\u0107no osvjetljenje<br \/>\nBrza i jednostavna monta\u017ea<br \/>\nMinimalna dubina ure\u0111aja, nad\u017ebukno 29mm, pod\u017ebukno 12mm<br \/>\nDobavljivo u crnoj ili bijeloj boji<\/p>\n<p>Dostupna je za 2Voice i iPerVoice sustave.<\/p>\n<p><a href=\"https:\/\/urmet-vezave.si\/wp-content\/uploads\/2021\/12\/Datasheet_Alpha.pdf\" target=\"_blank\" rel=\"noopener\">TEHNI\u010cKI LIST_Alpha<\/a><br \/>\n<a href=\"https:\/\/urmet-vezave.si\/wp-content\/uploads\/2021\/12\/Shema-3-ulaza.pdf\" target=\"_blank\" rel=\"noopener\">Shema 3 ulaza<\/a><br \/>\n<a href=\"https:\/\/urmet-vezave.si\/wp-content\/uploads\/2021\/12\/Shema-2-ulaza.pdf\" target=\"_blank\" rel=\"noopener\">Shema 2 ulaza<\/a><br \/>\n<a href=\"https:\/\/urmet-vezave.si\/wp-content\/uploads\/2021\/12\/Shema-1-ulaz.pdf\" target=\"_blank\" rel=\"noopener\">Shema 1 ulaz<\/a><br \/>\n<a href=\"https:\/\/urmet-vezave.si\/wp-content\/uploads\/2021\/12\/IP-sistem-videodomofonije-idejna-shema.pdf\" target=\"_blank\" rel=\"noopener\">IP sistem videodomofonije &#8211; idejna shema<\/a><\/p>\n","protected":false},"featured_media":4701,"template":"","meta":[],"product_cat":[30,29,59],"product_tag":[],"_links":{"self":[{"href":"https:\/\/urmet-vezave.si\/hr\/wp-json\/wp\/v2\/product\/3618"}],"collection":[{"href":"https:\/\/urmet-vezave.si\/hr\/wp-json\/wp\/v2\/product"}],"about":[{"href":"https:\/\/urmet-vezave.si\/hr\/wp-json\/wp\/v2\/types\/product"}],"wp:featuredmedia":[{"embeddable":true,"href":"https:\/\/urmet-vezave.si\/hr\/wp-json\/wp\/v2\/media\/4701"}],"wp:attachment":[{"href":"https:\/\/urmet-vezave.si\/hr\/wp-json\/wp\/v2\/media?parent=3618"}],"wp:term":[{"taxonomy":"product_cat","embeddable":true,"href":"https:\/\/urmet-vezave.si\/hr\/wp-json\/wp\/v2\/product_cat?post=3618"},{"taxonomy":"product_tag","embeddable":true,"href":"https:\/\/urmet-vezave.si\/hr\/wp-json\/wp\/v2\/product_tag?post=3618"}],"curies":[{"name":"wp","href":"https:\/\/api.w.org\/{rel}","templated":true}]}}