{"id":3126,"date":"2021-11-01T18:15:40","date_gmt":"2021-11-01T18:15:40","guid":{"rendered":"https:\/\/urmet-vezave.si\/?post_type=product&#038;p=3126"},"modified":"2024-01-25T12:37:25","modified_gmt":"2024-01-25T12:37:25","slug":"easy-door-kit-vz-140-172","status":"publish","type":"product","link":"https:\/\/urmet-vezave.si\/hr\/izdelki\/kontrola-pristupa\/fdi\/easy-door-kit-vz-140-172\/","title":{"rendered":"Easy door KIT VZ-140-172"},"content":{"rendered":"","protected":false},"excerpt":{"rendered":"<p>Easy door KIT VZ-140-172 jednostavni sustav kontrole pristupa, sastoji se od kontrolera, \u010dita\u010da i klju\u010deva.<\/p>\n<p><a href=\"https:\/\/urmet-vezave.si\/wp-content\/uploads\/2021\/11\/DATASHEET_KONTROLER_VZ-140-172.pdf\" target=\"_blank\" rel=\"noopener\">TEHNI\u010cKI LIST_KONTROLER_VZ-140-172<\/a><br \/>\n<a href=\"https:\/\/urmet-vezave.si\/wp-content\/uploads\/2021\/11\/CERTIFIKAT_KONTROLER_VZ-140-172.pdf\" target=\"_blank\" rel=\"noopener\">CERTIFIKAT_KONTROLER_VZ-140-172<\/a><\/p>\n<p><a href=\"https:\/\/urmet-vezave.si\/wp-content\/uploads\/2021\/11\/DATASHEET_CITAC_VZ-140-172.pdf\" target=\"_blank\" rel=\"noopener\">TEHNI\u010cKI LIST_\u010cITA\u010c_VZ-140-172<\/a><br \/>\n<a href=\"https:\/\/urmet-vezave.si\/wp-content\/uploads\/2021\/11\/CERTIFIKAT_CITAC_VZ-140-172.pdf\" target=\"_blank\" rel=\"noopener\">CERTIFIKAT_\u010cITA\u010c_VZ-140-172<\/a><\/p>\n<p><a href=\"https:\/\/urmet-vezave.si\/wp-content\/uploads\/2021\/11\/DATASHEET_KLJUCEVI_VZ-140-172.pdf\" target=\"_blank\" rel=\"noopener\">TEHNI\u010cKI LIST_KLJU\u010cEVI_VZ-140-172<\/a><br \/>\n<a href=\"https:\/\/urmet-vezave.si\/wp-content\/uploads\/2021\/11\/CERTIFIKAT_KLJUCEVI_VZ-140-172.pdf\" target=\"_blank\" rel=\"noopener\">CERTIFIKAT_KLJU\u010cEVI_VZ-140-172<\/a><\/p>\n<p><a href=\"https:\/\/urmet-vezave.si\/wp-content\/uploads\/2021\/11\/BROSURA_VZ-140-172.pdf\" target=\"_blank\" rel=\"noopener\">BRO\u0160URA_VZ-140-172<\/a><br \/>\n<a href=\"https:\/\/urmet-vezave.si\/wp-content\/uploads\/2021\/11\/UPUTE_KONTROLER_VZ-140-172.pdf\" target=\"_blank\" rel=\"noopener\">UPUTE_KONTROLER_VZ-140-172<\/a><\/p>\n","protected":false},"featured_media":4714,"template":"","meta":[],"product_cat":[115,54,48],"product_tag":[],"_links":{"self":[{"href":"https:\/\/urmet-vezave.si\/hr\/wp-json\/wp\/v2\/product\/3126"}],"collection":[{"href":"https:\/\/urmet-vezave.si\/hr\/wp-json\/wp\/v2\/product"}],"about":[{"href":"https:\/\/urmet-vezave.si\/hr\/wp-json\/wp\/v2\/types\/product"}],"wp:featuredmedia":[{"embeddable":true,"href":"https:\/\/urmet-vezave.si\/hr\/wp-json\/wp\/v2\/media\/4714"}],"wp:attachment":[{"href":"https:\/\/urmet-vezave.si\/hr\/wp-json\/wp\/v2\/media?parent=3126"}],"wp:term":[{"taxonomy":"product_cat","embeddable":true,"href":"https:\/\/urmet-vezave.si\/hr\/wp-json\/wp\/v2\/product_cat?post=3126"},{"taxonomy":"product_tag","embeddable":true,"href":"https:\/\/urmet-vezave.si\/hr\/wp-json\/wp\/v2\/product_tag?post=3126"}],"curies":[{"name":"wp","href":"https:\/\/api.w.org\/{rel}","templated":true}]}}