{"id":3111,"date":"2021-11-01T17:46:26","date_gmt":"2021-11-01T17:46:26","guid":{"rendered":"https:\/\/urmet-vezave.si\/?post_type=product&#038;p=3111"},"modified":"2024-01-25T12:41:14","modified_gmt":"2024-01-25T12:41:14","slug":"centrala-kontrole-pristupa-fdi-125-002","status":"publish","type":"product","link":"https:\/\/urmet-vezave.si\/hr\/izdelki\/kontrola-pristupa\/fdi\/centrala-kontrole-pristupa-fdi-125-002\/","title":{"rendered":"Centrala kontrole pristupa FDI-125-002"},"content":{"rendered":"","protected":false},"excerpt":{"rendered":"<p>Centrala kontrole pristupa FDI-125-002, kontrola 4 vrata.<\/p>\n<p><a href=\"https:\/\/urmet-vezave.si\/wp-content\/uploads\/2021\/11\/DATASHEET_FDI-125-002.pdf\" target=\"_blank\" rel=\"noopener\">TEHNI\u010cKI LIST_FDI-125-002<\/a><br \/>\n<a href=\"https:\/\/urmet-vezave.si\/wp-content\/uploads\/2021\/11\/CERTIFIKAT_FD-125-002.pdf\" target=\"_blank\" rel=\"noopener\">CERTIFIKAT_FD-125-002<\/a><br \/>\n<a href=\"https:\/\/urmet-vezave.si\/wp-content\/uploads\/2021\/11\/UPUTE_FD-125-002.pdf\" target=\"_blank\" rel=\"noopener\">UPUTE_FD-125-002<\/a><\/p>\n<p><a href=\"https:\/\/urmet-vezave.si\/wp-content\/uploads\/2021\/11\/Idejna-shema-IPassan-sustav.pdf\" target=\"_blank\" rel=\"noopener\">Idejna shema &#8211; IPassan sustav<\/a><br \/>\n<a href=\"https:\/\/urmet-vezave.si\/wp-content\/uploads\/2021\/11\/IPassan-sustav-detaljna-RS485-MAIN-i-AUX-veza.pdf\" target=\"_blank\" rel=\"noopener\">IPassan sustav &#8211; detaljna RS485 MAIN i AUX veza<\/a><br \/>\n<a href=\"https:\/\/urmet-vezave.si\/wp-content\/uploads\/2021\/11\/IPassan-sustav-duzina-BUS-linija.pdf\" target=\"_blank\" rel=\"noopener\">IPassan sustav &#8211; du\u017eina BUS linija<\/a><br \/>\n<a href=\"https:\/\/urmet-vezave.si\/wp-content\/uploads\/2021\/11\/IPassan-sustav-ozicenje-RF-prijemnika.pdf\" target=\"_blank\" rel=\"noopener\">IPassan sustav &#8211; o\u017ei\u010denje RF prijemnika<\/a><br \/>\n<a href=\"https:\/\/urmet-vezave.si\/wp-content\/uploads\/2021\/11\/IPassan-sustav-ozicenje-citaca.pdf\" target=\"_blank\" rel=\"noopener\">IPassan sustav &#8211; o\u017ei\u010denje \u010dita\u010da<\/a><\/p>\n","protected":false},"featured_media":4720,"template":"","meta":[],"product_cat":[54,48],"product_tag":[],"_links":{"self":[{"href":"https:\/\/urmet-vezave.si\/hr\/wp-json\/wp\/v2\/product\/3111"}],"collection":[{"href":"https:\/\/urmet-vezave.si\/hr\/wp-json\/wp\/v2\/product"}],"about":[{"href":"https:\/\/urmet-vezave.si\/hr\/wp-json\/wp\/v2\/types\/product"}],"wp:featuredmedia":[{"embeddable":true,"href":"https:\/\/urmet-vezave.si\/hr\/wp-json\/wp\/v2\/media\/4720"}],"wp:attachment":[{"href":"https:\/\/urmet-vezave.si\/hr\/wp-json\/wp\/v2\/media?parent=3111"}],"wp:term":[{"taxonomy":"product_cat","embeddable":true,"href":"https:\/\/urmet-vezave.si\/hr\/wp-json\/wp\/v2\/product_cat?post=3111"},{"taxonomy":"product_tag","embeddable":true,"href":"https:\/\/urmet-vezave.si\/hr\/wp-json\/wp\/v2\/product_tag?post=3111"}],"curies":[{"name":"wp","href":"https:\/\/api.w.org\/{rel}","templated":true}]}}