{"id":3101,"date":"2021-11-01T17:29:11","date_gmt":"2021-11-01T17:29:11","guid":{"rendered":"https:\/\/urmet-vezave.si\/?post_type=product&#038;p=3101"},"modified":"2024-01-25T14:04:16","modified_gmt":"2024-01-25T14:04:16","slug":"citac-kartica-fd-020-222","status":"publish","type":"product","link":"https:\/\/urmet-vezave.si\/hr\/izdelki\/kontrola-pristupa\/fdi\/citac-kartica-fd-020-222\/","title":{"rendered":"\u010cita\u010d kartica FD-020-222"},"content":{"rendered":"","protected":false},"excerpt":{"rendered":"<p>PK80 2SMART \u010dita\u010d kartica sa tipkovnicom, 13,56Mhz + BLE<\/p>\n<p><a href=\"https:\/\/urmet-vezave.si\/wp-content\/uploads\/2021\/11\/DATASHEET_FD-020-222.pdf\" target=\"_blank\" rel=\"noopener\">TEHNI\u010cKI LIST_FD-020-222<\/a><br \/>\n<a href=\"https:\/\/urmet-vezave.si\/wp-content\/uploads\/2021\/11\/CERTIFIKAT_FD-020-222.pdf\" target=\"_blank\" rel=\"noopener\">CERTIFIKAT_FD-020-222<\/a><br \/>\n<a href=\"https:\/\/urmet-vezave.si\/wp-content\/uploads\/2021\/11\/UPUTE_FD-020-222.pdf\" target=\"_blank\" rel=\"noopener\">UPUTE_FD-020-222<\/a><br \/>\n<a href=\"https:\/\/urmet-vezave.si\/wp-content\/uploads\/2021\/11\/IPassan-sustav-ozicenje-citaca.pdf\" target=\"_blank\" rel=\"noopener\">IPassan sustav &#8211; o\u017ei\u010denje \u010dita\u010da<\/a><\/p>\n","protected":false},"featured_media":4725,"template":"","meta":[],"product_cat":[54,48],"product_tag":[],"_links":{"self":[{"href":"https:\/\/urmet-vezave.si\/hr\/wp-json\/wp\/v2\/product\/3101"}],"collection":[{"href":"https:\/\/urmet-vezave.si\/hr\/wp-json\/wp\/v2\/product"}],"about":[{"href":"https:\/\/urmet-vezave.si\/hr\/wp-json\/wp\/v2\/types\/product"}],"wp:featuredmedia":[{"embeddable":true,"href":"https:\/\/urmet-vezave.si\/hr\/wp-json\/wp\/v2\/media\/4725"}],"wp:attachment":[{"href":"https:\/\/urmet-vezave.si\/hr\/wp-json\/wp\/v2\/media?parent=3101"}],"wp:term":[{"taxonomy":"product_cat","embeddable":true,"href":"https:\/\/urmet-vezave.si\/hr\/wp-json\/wp\/v2\/product_cat?post=3101"},{"taxonomy":"product_tag","embeddable":true,"href":"https:\/\/urmet-vezave.si\/hr\/wp-json\/wp\/v2\/product_tag?post=3101"}],"curies":[{"name":"wp","href":"https:\/\/api.w.org\/{rel}","templated":true}]}}