{"id":3097,"date":"2021-11-01T17:16:18","date_gmt":"2021-11-01T17:16:18","guid":{"rendered":"https:\/\/urmet-vezave.si\/?post_type=product&#038;p=3097"},"modified":"2024-01-25T14:05:10","modified_gmt":"2024-01-25T14:05:10","slug":"citac-kartica-fd-020-221","status":"publish","type":"product","link":"https:\/\/urmet-vezave.si\/hr\/izdelki\/kontrola-pristupa\/fdi\/citac-kartica-fd-020-221\/","title":{"rendered":"\u010cita\u010d kartica FD-020-221"},"content":{"rendered":"","protected":false},"excerpt":{"rendered":"<p>P80 2SMART \u010dita\u010d kartica 13,56Mhz + BLE<\/p>\n<p><a href=\"https:\/\/urmet-vezave.si\/wp-content\/uploads\/2021\/11\/UPUTE-DATASHEET_FD-020-221.pdf\" target=\"_blank\" rel=\"noopener\">TEHNI\u010cKI LIST + UPUTE_FD-020-221<\/a><br \/>\n<a href=\"https:\/\/urmet-vezave.si\/wp-content\/uploads\/2021\/11\/CERTIFIKAT_FD-020-221.pdf\" target=\"_blank\" rel=\"noopener\">CERTIFIKAT_FD-020-221<\/a><br \/>\n<a href=\"https:\/\/urmet-vezave.si\/wp-content\/uploads\/2021\/11\/IPassan-sustav-ozicenje-citaca.pdf\" target=\"_blank\" rel=\"noopener\">IPassan sustav &#8211; o\u017ei\u010denje \u010dita\u010da<\/a><\/p>\n","protected":false},"featured_media":4728,"template":"","meta":[],"product_cat":[54,48],"product_tag":[],"_links":{"self":[{"href":"https:\/\/urmet-vezave.si\/hr\/wp-json\/wp\/v2\/product\/3097"}],"collection":[{"href":"https:\/\/urmet-vezave.si\/hr\/wp-json\/wp\/v2\/product"}],"about":[{"href":"https:\/\/urmet-vezave.si\/hr\/wp-json\/wp\/v2\/types\/product"}],"wp:featuredmedia":[{"embeddable":true,"href":"https:\/\/urmet-vezave.si\/hr\/wp-json\/wp\/v2\/media\/4728"}],"wp:attachment":[{"href":"https:\/\/urmet-vezave.si\/hr\/wp-json\/wp\/v2\/media?parent=3097"}],"wp:term":[{"taxonomy":"product_cat","embeddable":true,"href":"https:\/\/urmet-vezave.si\/hr\/wp-json\/wp\/v2\/product_cat?post=3097"},{"taxonomy":"product_tag","embeddable":true,"href":"https:\/\/urmet-vezave.si\/hr\/wp-json\/wp\/v2\/product_tag?post=3097"}],"curies":[{"name":"wp","href":"https:\/\/api.w.org\/{rel}","templated":true}]}}