{"id":3079,"date":"2021-11-01T16:49:45","date_gmt":"2021-11-01T16:49:45","guid":{"rendered":"https:\/\/urmet-vezave.si\/?post_type=product&#038;p=3079"},"modified":"2024-01-25T15:24:23","modified_gmt":"2024-01-25T15:24:23","slug":"simon-flexa","status":"publish","type":"product","link":"https:\/\/urmet-vezave.si\/hr\/izdelki\/sklopna-tehnika-simon\/simon-flexa\/","title":{"rendered":"Simon Flexa"},"content":{"rendered":"","protected":false},"excerpt":{"rendered":"<p>Simon Urmet stvorio je nove stilove dizajna tehnopolimernih okvira za sustav Nea.<br \/>\nHomogene linije, tanak i zavojit profil: Flexa poga\u0111a skladom svojih oblika,<br \/>\ngovore\u0107i o jednostavnosti i pa\u017enji prema detaljima.<br \/>\nKompatibilan sa svim upravlja\u010dkim ure\u0111ajima i funkcijama Nea sustava, ovaj novi<br \/>\nmodel ukrasnih okvira nje\u017eno crta zidove, a raznolikost zavr\u0161nih<br \/>\nobrada \u010dini ga izuzetno pogodnim za svako okru\u017eenje.<br \/>\nOdabirom Flexa linije, okru\u017eenju \u0107ete dati va\u0161 osobni otisak, lako\u0107om i odlu\u010dno\u0161\u0107u.<br \/>\nFlexa se lako uklapa u svako okru\u017eenje i namje\u0161taj, od najklasi\u010dnijih do najmodernijih.<br \/>\nSve je to zahvaljuju\u0107i nje\u017enim linijama i \u0161irokom asortimanu komplementarnih proizvoda:<br \/>\n4 obitelji, 20 zavr\u0161nih obrada, mnoge mogu\u0107nosti da jednostavnosti daju va\u0161 osobni stil.<\/p>\n<p><a href=\"https:\/\/urmet-vezave.si\/wp-content\/uploads\/2021\/11\/Simon_Urmet_Brochure_Flexa.pdf\" target=\"_blank\" rel=\"noopener\">Simon Urmet Flexa bro\u0161ura<\/a><\/p>\n<p>&nbsp;<\/p>\n","protected":false},"featured_media":4737,"template":"","meta":[],"product_cat":[115,49],"product_tag":[],"_links":{"self":[{"href":"https:\/\/urmet-vezave.si\/hr\/wp-json\/wp\/v2\/product\/3079"}],"collection":[{"href":"https:\/\/urmet-vezave.si\/hr\/wp-json\/wp\/v2\/product"}],"about":[{"href":"https:\/\/urmet-vezave.si\/hr\/wp-json\/wp\/v2\/types\/product"}],"wp:featuredmedia":[{"embeddable":true,"href":"https:\/\/urmet-vezave.si\/hr\/wp-json\/wp\/v2\/media\/4737"}],"wp:attachment":[{"href":"https:\/\/urmet-vezave.si\/hr\/wp-json\/wp\/v2\/media?parent=3079"}],"wp:term":[{"taxonomy":"product_cat","embeddable":true,"href":"https:\/\/urmet-vezave.si\/hr\/wp-json\/wp\/v2\/product_cat?post=3079"},{"taxonomy":"product_tag","embeddable":true,"href":"https:\/\/urmet-vezave.si\/hr\/wp-json\/wp\/v2\/product_tag?post=3079"}],"curies":[{"name":"wp","href":"https:\/\/api.w.org\/{rel}","templated":true}]}}