{"id":3077,"date":"2021-11-01T16:40:15","date_gmt":"2021-11-01T16:40:15","guid":{"rendered":"https:\/\/urmet-vezave.si\/?post_type=product&#038;p=3077"},"modified":"2024-01-30T13:10:49","modified_gmt":"2024-01-30T13:10:49","slug":"simon-expi-touch","status":"publish","type":"product","link":"https:\/\/urmet-vezave.si\/hr\/izdelki\/sklopna-tehnika-simon\/simon-expi-touch\/","title":{"rendered":"Simon Expi Touch"},"content":{"rendered":"","protected":false},"excerpt":{"rendered":"<p>Rafinirana kombinacija izme\u0111u ideje i materije, izme\u0111u inteligencije i tehnike,<br \/>\nizme\u0111u \u017eelje i forme. Nova Nea Exp\u00ec Touch paleta ostavlja netaknute forme i revolucionira okru\u017eenja,<br \/>\nintegriraju\u0107i se besprijekorno s ostatkom asortimana Exp\u00ec.<\/p>\n<p><a href=\"https:\/\/urmet-vezave.si\/wp-content\/uploads\/2021\/11\/Simon_Urmet_Nea_Expi.pdf\" target=\"_blank\" rel=\"noopener\">Simon Urmet Nea Expi bro\u0161ura<\/a><\/p>\n<p>&nbsp;<\/p>\n","protected":false},"featured_media":3078,"template":"","meta":[],"product_cat":[115,49],"product_tag":[],"_links":{"self":[{"href":"https:\/\/urmet-vezave.si\/hr\/wp-json\/wp\/v2\/product\/3077"}],"collection":[{"href":"https:\/\/urmet-vezave.si\/hr\/wp-json\/wp\/v2\/product"}],"about":[{"href":"https:\/\/urmet-vezave.si\/hr\/wp-json\/wp\/v2\/types\/product"}],"wp:featuredmedia":[{"embeddable":true,"href":"https:\/\/urmet-vezave.si\/hr\/wp-json\/wp\/v2\/media\/3078"}],"wp:attachment":[{"href":"https:\/\/urmet-vezave.si\/hr\/wp-json\/wp\/v2\/media?parent=3077"}],"wp:term":[{"taxonomy":"product_cat","embeddable":true,"href":"https:\/\/urmet-vezave.si\/hr\/wp-json\/wp\/v2\/product_cat?post=3077"},{"taxonomy":"product_tag","embeddable":true,"href":"https:\/\/urmet-vezave.si\/hr\/wp-json\/wp\/v2\/product_tag?post=3077"}],"curies":[{"name":"wp","href":"https:\/\/api.w.org\/{rel}","templated":true}]}}