{"id":3013,"date":"2021-11-01T11:37:52","date_gmt":"2021-11-01T11:37:52","guid":{"rendered":"https:\/\/urmet-vezave.si\/?post_type=product&#038;p=3013"},"modified":"2024-01-30T14:02:06","modified_gmt":"2024-01-30T14:02:06","slug":"unutarnja-sirena-hpa100","status":"publish","type":"product","link":"https:\/\/urmet-vezave.si\/hr\/izdelki\/protuprovala\/unutarnja-sirena-hpa100\/","title":{"rendered":"Unutarnja sirena HPA100"},"content":{"rendered":"","protected":false},"excerpt":{"rendered":"<p>Unutarnja sirena HPA100, u plasti\u010dnom za\u0161titnom ku\u0107i\u0161tu.<\/p>\n<p><a href=\"https:\/\/urmet-vezave.si\/wp-content\/uploads\/2021\/11\/DATASHEET_HPA100.pdf\" target=\"_blank\" rel=\"noopener\">TEHNI\u010cKI_LIST_HPA100<\/a><br \/>\n<a href=\"https:\/\/urmet-vezave.si\/wp-content\/uploads\/2021\/11\/CERTIFIKAT_HPA100.pdf\" target=\"_blank\" rel=\"noopener\">CERTIFIKAT_HPA100<\/a><br \/>\n<a href=\"https:\/\/urmet-vezave.si\/wp-content\/uploads\/2021\/11\/UPUTE_HPA100.pdf\" target=\"_blank\" rel=\"noopener\">UPUTE_HPA100<\/a><br \/>\n<a href=\"https:\/\/urmet-vezave.si\/wp-content\/uploads\/2021\/11\/Shema-sirena-HPA100.pdf\" target=\"_blank\" rel=\"noopener\">Shema &#8211; sirena HPA100<\/a><\/p>\n","protected":false},"featured_media":4944,"template":"","meta":[],"product_cat":[51],"product_tag":[],"_links":{"self":[{"href":"https:\/\/urmet-vezave.si\/hr\/wp-json\/wp\/v2\/product\/3013"}],"collection":[{"href":"https:\/\/urmet-vezave.si\/hr\/wp-json\/wp\/v2\/product"}],"about":[{"href":"https:\/\/urmet-vezave.si\/hr\/wp-json\/wp\/v2\/types\/product"}],"wp:featuredmedia":[{"embeddable":true,"href":"https:\/\/urmet-vezave.si\/hr\/wp-json\/wp\/v2\/media\/4944"}],"wp:attachment":[{"href":"https:\/\/urmet-vezave.si\/hr\/wp-json\/wp\/v2\/media?parent=3013"}],"wp:term":[{"taxonomy":"product_cat","embeddable":true,"href":"https:\/\/urmet-vezave.si\/hr\/wp-json\/wp\/v2\/product_cat?post=3013"},{"taxonomy":"product_tag","embeddable":true,"href":"https:\/\/urmet-vezave.si\/hr\/wp-json\/wp\/v2\/product_tag?post=3013"}],"curies":[{"name":"wp","href":"https:\/\/api.w.org\/{rel}","templated":true}]}}