{"id":3008,"date":"2021-11-01T11:29:17","date_gmt":"2021-11-01T11:29:17","guid":{"rendered":"https:\/\/urmet-vezave.si\/?post_type=product&#038;p=3008"},"modified":"2024-01-30T14:03:12","modified_gmt":"2024-01-30T14:03:12","slug":"javljac-dt16","status":"publish","type":"product","link":"https:\/\/urmet-vezave.si\/hr\/izdelki\/protuprovala\/javljac-dt16\/","title":{"rendered":"Javlja\u010d DT16"},"content":{"rendered":"","protected":false},"excerpt":{"rendered":"<p>Dvojni detektor za vanjsku monta\u017eu. BLIND za\u0161tita, anti masking funkcija prikladna za za\u0161titu vanjskog prostora va\u0161e ku\u0107e. Preporu\u010damo monta\u017eu uz odgovaraju\u0107e nosa\u010de.<\/p>\n<p><a href=\"https:\/\/urmet-vezave.si\/wp-content\/uploads\/2021\/11\/DATASHEET_DT16.pdf\" target=\"_blank\" rel=\"noopener\">TEHNI\u010cKI_LIST_DT16<\/a><br \/>\n<a href=\"https:\/\/urmet-vezave.si\/wp-content\/uploads\/2021\/11\/CERTIFIKAT_DT16.pdf\" target=\"_blank\" rel=\"noopener\">CERTIFIKAT_DT16<\/a><br \/>\n<a href=\"https:\/\/urmet-vezave.si\/wp-content\/uploads\/2021\/11\/UPUTE_DT16.pdf\" target=\"_blank\" rel=\"noopener\">UPUTE_DT16<\/a><br \/>\n<a href=\"https:\/\/urmet-vezave.si\/wp-content\/uploads\/2021\/11\/Shema-spajanja-spajanje-protuprovalnih-javljaca.pdf\" target=\"_blank\" rel=\"noopener\">Shema spajanja &#8211; spajanje protuprovalnih javlja\u010da<\/a><\/p>\n","protected":false},"featured_media":4946,"template":"","meta":[],"product_cat":[51],"product_tag":[],"_links":{"self":[{"href":"https:\/\/urmet-vezave.si\/hr\/wp-json\/wp\/v2\/product\/3008"}],"collection":[{"href":"https:\/\/urmet-vezave.si\/hr\/wp-json\/wp\/v2\/product"}],"about":[{"href":"https:\/\/urmet-vezave.si\/hr\/wp-json\/wp\/v2\/types\/product"}],"wp:featuredmedia":[{"embeddable":true,"href":"https:\/\/urmet-vezave.si\/hr\/wp-json\/wp\/v2\/media\/4946"}],"wp:attachment":[{"href":"https:\/\/urmet-vezave.si\/hr\/wp-json\/wp\/v2\/media?parent=3008"}],"wp:term":[{"taxonomy":"product_cat","embeddable":true,"href":"https:\/\/urmet-vezave.si\/hr\/wp-json\/wp\/v2\/product_cat?post=3008"},{"taxonomy":"product_tag","embeddable":true,"href":"https:\/\/urmet-vezave.si\/hr\/wp-json\/wp\/v2\/product_tag?post=3008"}],"curies":[{"name":"wp","href":"https:\/\/api.w.org\/{rel}","templated":true}]}}