{"id":2978,"date":"2021-11-01T10:59:47","date_gmt":"2021-11-01T10:59:47","guid":{"rendered":"https:\/\/urmet-vezave.si\/?post_type=product&#038;p=2978"},"modified":"2025-08-26T13:58:05","modified_gmt":"2025-08-26T13:58:05","slug":"upravljacke-jedinice","status":"publish","type":"product","link":"https:\/\/urmet-vezave.si\/hr\/izdelki\/yokis-kucna-automatizacija\/upravljacke-jedinice\/","title":{"rendered":"Daljinski upravlja\u010di"},"content":{"rendered":"","protected":false},"excerpt":{"rendered":"<p>Daljinski upravlja\u010di Yokis mogu upravljati bilo kojim radio modulom. Dolaze u verziji s 1, 2, 4 ili 8 tipki<br \/>\nza ru\u010dnu upotrebu ili za montiranje na zid pomo\u0107u odgovaraju\u0107eg nosa\u010da.<\/p>\n<p><a href=\"https:\/\/urmet-vezave.si\/wp-content\/uploads\/2021\/11\/Tehnicki_list_4820396.pdf\" target=\"_blank\" rel=\"noopener\">TEHNICKI_KIST_DALJINSKI_UPRAVLJACI<\/a><br \/>\n<a href=\"https:\/\/urmet-vezave.si\/wp-content\/uploads\/2021\/11\/CE_645689.pdf\" target=\"_blank\" rel=\"noopener\">CERTIFIKAT_DALJINSKI_UPRAVLJACI<\/a><br \/>\n<a href=\"https:\/\/urmet-vezave.si\/wp-content\/uploads\/2021\/11\/Upute_46957-3.pdf\" target=\"_blank\" rel=\"noopener\">UPUTE_DALJINSKI_UPRAVLJACI<\/a><\/p>\n","protected":false},"featured_media":4962,"template":"","meta":[],"product_cat":[115,52],"product_tag":[],"_links":{"self":[{"href":"https:\/\/urmet-vezave.si\/hr\/wp-json\/wp\/v2\/product\/2978"}],"collection":[{"href":"https:\/\/urmet-vezave.si\/hr\/wp-json\/wp\/v2\/product"}],"about":[{"href":"https:\/\/urmet-vezave.si\/hr\/wp-json\/wp\/v2\/types\/product"}],"wp:featuredmedia":[{"embeddable":true,"href":"https:\/\/urmet-vezave.si\/hr\/wp-json\/wp\/v2\/media\/4962"}],"wp:attachment":[{"href":"https:\/\/urmet-vezave.si\/hr\/wp-json\/wp\/v2\/media?parent=2978"}],"wp:term":[{"taxonomy":"product_cat","embeddable":true,"href":"https:\/\/urmet-vezave.si\/hr\/wp-json\/wp\/v2\/product_cat?post=2978"},{"taxonomy":"product_tag","embeddable":true,"href":"https:\/\/urmet-vezave.si\/hr\/wp-json\/wp\/v2\/product_tag?post=2978"}],"curies":[{"name":"wp","href":"https:\/\/api.w.org\/{rel}","templated":true}]}}