{"id":2973,"date":"2021-11-01T10:52:00","date_gmt":"2021-11-01T10:52:00","guid":{"rendered":"https:\/\/urmet-vezave.si\/?post_type=product&#038;p=2973"},"modified":"2025-08-26T14:11:07","modified_gmt":"2025-08-26T14:11:07","slug":"releji","status":"publish","type":"product","link":"https:\/\/urmet-vezave.si\/hr\/izdelki\/yokis-kucna-automatizacija\/releji\/","title":{"rendered":"Releji"},"content":{"rendered":"","protected":false},"excerpt":{"rendered":"<p>Moduli elektroni\u010dkog releja Yokis uklju\u010duju niz tihih releja i releja s vremenskim ograni\u010denjem za ugradnu monta\u017eu<br \/>\nili monta\u017eu na DIN \u0161inu pogodnim za sve sustave. Doznajte vi\u0161e o Yokis rje\u0161enjima &#8211; 500W ili 1300W za sve vrste rasvjetnih sustava.<\/p>\n<p><a href=\"https:\/\/urmet-vezave.si\/wp-content\/uploads\/2021\/11\/Tehnicki_list_MTR1300E-UP.pdf\" target=\"_blank\" rel=\"noopener\">TEHNICKI_LIST_MTR1300E-UP<\/a><br \/>\n<a href=\"https:\/\/urmet-vezave.si\/wp-content\/uploads\/2021\/11\/CE_MTR1300E-UP.pdf\" target=\"_blank\" rel=\"noopener\">CERTIFIKAT_MTR1300E-UP<\/a><br \/>\n<a href=\"https:\/\/urmet-vezave.si\/wp-content\/uploads\/2021\/11\/Upute_MTR1300E-UP.pdf\" target=\"_blank\" rel=\"noopener\">UPUTE_MTR1300E-UP<\/a><\/p>\n<p>&nbsp;<\/p>\n","protected":false},"featured_media":7871,"template":"","meta":[],"product_cat":[115,52],"product_tag":[],"_links":{"self":[{"href":"https:\/\/urmet-vezave.si\/hr\/wp-json\/wp\/v2\/product\/2973"}],"collection":[{"href":"https:\/\/urmet-vezave.si\/hr\/wp-json\/wp\/v2\/product"}],"about":[{"href":"https:\/\/urmet-vezave.si\/hr\/wp-json\/wp\/v2\/types\/product"}],"wp:featuredmedia":[{"embeddable":true,"href":"https:\/\/urmet-vezave.si\/hr\/wp-json\/wp\/v2\/media\/7871"}],"wp:attachment":[{"href":"https:\/\/urmet-vezave.si\/hr\/wp-json\/wp\/v2\/media?parent=2973"}],"wp:term":[{"taxonomy":"product_cat","embeddable":true,"href":"https:\/\/urmet-vezave.si\/hr\/wp-json\/wp\/v2\/product_cat?post=2973"},{"taxonomy":"product_tag","embeddable":true,"href":"https:\/\/urmet-vezave.si\/hr\/wp-json\/wp\/v2\/product_tag?post=2973"}],"curies":[{"name":"wp","href":"https:\/\/api.w.org\/{rel}","templated":true}]}}