{"id":2964,"date":"2021-11-01T10:46:47","date_gmt":"2021-11-01T10:46:47","guid":{"rendered":"https:\/\/urmet-vezave.si\/?post_type=product&#038;p=2964"},"modified":"2025-08-26T14:16:11","modified_gmt":"2025-08-26T14:16:11","slug":"regulatori-rasvjete","status":"publish","type":"product","link":"https:\/\/urmet-vezave.si\/hr\/izdelki\/yokis-kucna-automatizacija\/regulatori-rasvjete\/","title":{"rendered":"Regulatori rasvjete"},"content":{"rendered":"","protected":false},"excerpt":{"rendered":"<p>Yokis nudi \u0161iroku paletu rje\u0161enja za rasvjetu: preklopni relej, timer za rasvjetu na stubi\u0161tu,<br \/>\nmoduli za dimmanje i moduli za no\u0107nu u\u0161tedu energije. Uklju\u010divanje i isklju\u010divanje svjetla ili<br \/>\npostavljanje vremenske regulacije za rasvjetni krug nikada nije bilo tako jednostavno.<\/p>\n<p><a href=\"https:\/\/urmet-vezave.si\/wp-content\/uploads\/2021\/11\/TEHNICKI_LIST_MTV300E-UP.pdf\" target=\"_blank\" rel=\"noopener\">TEHNICKI_LIST_MTV300E-UP<\/a><br \/>\n<a href=\"https:\/\/urmet-vezave.si\/wp-content\/uploads\/2021\/11\/CE_MTV300E-UP.pdf\" target=\"_blank\" rel=\"noopener\">CERTIFIKAT_MTV300E-UP<\/a><br \/>\n<a href=\"https:\/\/urmet-vezave.si\/wp-content\/uploads\/2021\/11\/UPUTE_MTV300E-UP.pdf\" target=\"_blank\" rel=\"noopener\">UPUTE_MTV300E-UP<\/a><\/p>\n<p>&nbsp;<\/p>\n<p><a href=\"https:\/\/urmet-vezave.si\/wp-content\/uploads\/2021\/11\/DATASHEET_MTV500ERP.pdf\" target=\"_blank\" rel=\"noopener\">TEHNI\u010cKI_LIST_MTV500ERP<\/a><br \/>\n<a href=\"https:\/\/urmet-vezave.si\/wp-content\/uploads\/2021\/11\/CERTIFIKAT_MTR500ERP.pdf\" target=\"_blank\" rel=\"noopener\">CERTIFIKAT_MTR500ERP<\/a><br \/>\n<a href=\"https:\/\/urmet-vezave.si\/wp-content\/uploads\/2021\/11\/UPUTE_MTV500ERP.pdf\" target=\"_blank\" rel=\"noopener\">UPUTE_MTV500ERP<\/a><\/p>\n<p>&nbsp;<\/p>\n<p><a href=\"https:\/\/urmet-vezave.si\/wp-content\/uploads\/2021\/11\/DATASHEET_MTV500E.pdf\" target=\"_blank\" rel=\"noopener\">TEHNI\u010cKI_LIST_MTV500E<\/a><br \/>\n<a href=\"https:\/\/urmet-vezave.si\/wp-content\/uploads\/2021\/11\/CERTIFIKAT-MTV500E.pdf\" target=\"_blank\" rel=\"noopener\">CERTIFIKAT MTV500E<\/a><br \/>\n<a href=\"https:\/\/urmet-vezave.si\/wp-content\/uploads\/2021\/11\/UPUTE_MTV500E.pdf\" target=\"_blank\" rel=\"noopener\">UPUTE_MTV500E<\/a><\/p>\n","protected":false},"featured_media":7885,"template":"","meta":[],"product_cat":[115,52],"product_tag":[],"_links":{"self":[{"href":"https:\/\/urmet-vezave.si\/hr\/wp-json\/wp\/v2\/product\/2964"}],"collection":[{"href":"https:\/\/urmet-vezave.si\/hr\/wp-json\/wp\/v2\/product"}],"about":[{"href":"https:\/\/urmet-vezave.si\/hr\/wp-json\/wp\/v2\/types\/product"}],"wp:featuredmedia":[{"embeddable":true,"href":"https:\/\/urmet-vezave.si\/hr\/wp-json\/wp\/v2\/media\/7885"}],"wp:attachment":[{"href":"https:\/\/urmet-vezave.si\/hr\/wp-json\/wp\/v2\/media?parent=2964"}],"wp:term":[{"taxonomy":"product_cat","embeddable":true,"href":"https:\/\/urmet-vezave.si\/hr\/wp-json\/wp\/v2\/product_cat?post=2964"},{"taxonomy":"product_tag","embeddable":true,"href":"https:\/\/urmet-vezave.si\/hr\/wp-json\/wp\/v2\/product_tag?post=2964"}],"curies":[{"name":"wp","href":"https:\/\/api.w.org\/{rel}","templated":true}]}}