{"id":2374,"date":"2021-06-01T20:45:22","date_gmt":"2021-06-01T20:45:22","guid":{"rendered":"http:\/\/urmet.flatcode.hr\/?post_type=product&#038;p=2374"},"modified":"2024-01-30T14:30:24","modified_gmt":"2024-01-30T14:30:24","slug":"itb-500","status":"publish","type":"product","link":"https:\/\/urmet-vezave.si\/hr\/izdelki\/protupozar\/itb-500\/","title":{"rendered":"ITB 500"},"content":{"rendered":"","protected":false},"excerpt":{"rendered":"<p>ITB 500, SOS modul za ugradnju u modularni sustav prekida\u010da i uti\u010dnica, zauzima 1 modul, 1 adresa, napajanje preko po\u017earne linije, indikacija alarma, gre\u0161ke i reset putem centrale.<\/p>\n<p><a href=\"https:\/\/urmet-vezave.si\/wp-content\/uploads\/2021\/06\/80IT1710121-description.pdf\" target=\"_blank\" rel=\"noopener\">TEHNICKI LIST_ITB500<\/a><br \/>\n<a href=\"https:\/\/urmet-vezave.si\/wp-content\/uploads\/2021\/06\/80IT1710121-manuals-EN.pdf\" target=\"_blank\" rel=\"noopener\">UPUTE_ITB500<\/a><br \/>\n<a href=\"https:\/\/urmet-vezave.si\/wp-content\/uploads\/2021\/06\/Shema-vezava-SOS-modula.pdf\" target=\"_blank\" rel=\"noopener\">Shema &#8211; povezivanje SOS modula<\/a><\/p>\n","protected":false},"featured_media":2375,"template":"","meta":[],"product_cat":[31],"product_tag":[],"_links":{"self":[{"href":"https:\/\/urmet-vezave.si\/hr\/wp-json\/wp\/v2\/product\/2374"}],"collection":[{"href":"https:\/\/urmet-vezave.si\/hr\/wp-json\/wp\/v2\/product"}],"about":[{"href":"https:\/\/urmet-vezave.si\/hr\/wp-json\/wp\/v2\/types\/product"}],"wp:featuredmedia":[{"embeddable":true,"href":"https:\/\/urmet-vezave.si\/hr\/wp-json\/wp\/v2\/media\/2375"}],"wp:attachment":[{"href":"https:\/\/urmet-vezave.si\/hr\/wp-json\/wp\/v2\/media?parent=2374"}],"wp:term":[{"taxonomy":"product_cat","embeddable":true,"href":"https:\/\/urmet-vezave.si\/hr\/wp-json\/wp\/v2\/product_cat?post=2374"},{"taxonomy":"product_tag","embeddable":true,"href":"https:\/\/urmet-vezave.si\/hr\/wp-json\/wp\/v2\/product_tag?post=2374"}],"curies":[{"name":"wp","href":"https:\/\/api.w.org\/{rel}","templated":true}]}}