{"id":2349,"date":"2021-06-01T20:06:21","date_gmt":"2021-06-01T20:06:21","guid":{"rendered":"http:\/\/urmet.flatcode.hr\/?post_type=product&#038;p=2349"},"modified":"2024-01-30T14:48:02","modified_gmt":"2024-01-30T14:48:02","slug":"analogni-kit-sustavi-audio-1150-301","status":"publish","type":"product","link":"https:\/\/urmet-vezave.si\/hr\/izdelki\/domofoni\/domofonski-kitovi\/analogni-kit-sustavi-audio-1150-301\/","title":{"rendered":"Analogni kit sustavi &#8211; audio &#8211; 1150\/301"},"content":{"rendered":"","protected":false},"excerpt":{"rendered":"<p>V1 Vanjska jedinica Sinthesi P \/ O, 1 unutarnja jedinica Miro<\/p>\n<p>Ugradna audio vanjska jedinica Sinthesi, za jednu ili dvije obitelji,<br \/>\naluminij, sastoji se od ugradne kutije, okvira za module, modula,<br \/>\ni ukrasnog okvira, IP45, \u017euto pozadinsko osvjetljenje<br \/>\nDimenzije kutije: (V x \u0160 x D): 114 x 118 x 45 mm; Okvir: (Vx\u0160): 119 x 125<\/p>\n<p>Unutarnja jedinica Miro sa dodatnom tipkom i mogu\u0107no\u0161\u0107u dodavanja dvije tipke<br \/>\nABS ku\u0107i\u0161te bijele boje<br \/>\nDimenzije: D x V x \u0160: 52 x 200 x 90 mm<\/p>\n<p><a href=\"https:\/\/urmet-vezave.si\/wp-content\/uploads\/2021\/06\/certifikat-1150_301.pdf\" target=\"_blank\" rel=\"noopener\">CERTIFIKAT 1150_301<\/a><br \/>\n<a href=\"https:\/\/urmet-vezave.si\/wp-content\/uploads\/2021\/06\/montaza-ugradna-kutija-1150_301.pdf\" target=\"_blank\" rel=\"noopener\">UPUTE ZA MONTAZU UGRADNE KUTIJE 1150_301<\/a><br \/>\n<a href=\"https:\/\/urmet-vezave.si\/wp-content\/uploads\/2021\/06\/montaza-vanjska-jedinica-1150_301.pdf\" target=\"_blank\" rel=\"noopener\">UPUTE ZA MONTAZU VANJSKE JEDINICE 1150_301<\/a><br \/>\n<a href=\"https:\/\/urmet-vezave.si\/wp-content\/uploads\/2021\/06\/uputstva-1150_301.pdf\" target=\"_blank\" rel=\"noopener\">UPUTE ZA MONTAZU SLUSALICE 1150_301<\/a><br \/>\n<a href=\"https:\/\/urmet-vezave.si\/wp-content\/uploads\/2021\/06\/shema-1150_301.pdf\" target=\"_blank\" rel=\"noopener\">SHEMA SPAJANJA 1150_301<\/a><\/p>\n","protected":false},"featured_media":2350,"template":"","meta":[],"product_cat":[115,29,75],"product_tag":[],"_links":{"self":[{"href":"https:\/\/urmet-vezave.si\/hr\/wp-json\/wp\/v2\/product\/2349"}],"collection":[{"href":"https:\/\/urmet-vezave.si\/hr\/wp-json\/wp\/v2\/product"}],"about":[{"href":"https:\/\/urmet-vezave.si\/hr\/wp-json\/wp\/v2\/types\/product"}],"wp:featuredmedia":[{"embeddable":true,"href":"https:\/\/urmet-vezave.si\/hr\/wp-json\/wp\/v2\/media\/2350"}],"wp:attachment":[{"href":"https:\/\/urmet-vezave.si\/hr\/wp-json\/wp\/v2\/media?parent=2349"}],"wp:term":[{"taxonomy":"product_cat","embeddable":true,"href":"https:\/\/urmet-vezave.si\/hr\/wp-json\/wp\/v2\/product_cat?post=2349"},{"taxonomy":"product_tag","embeddable":true,"href":"https:\/\/urmet-vezave.si\/hr\/wp-json\/wp\/v2\/product_tag?post=2349"}],"curies":[{"name":"wp","href":"https:\/\/api.w.org\/{rel}","templated":true}]}}