{"id":2347,"date":"2021-06-01T20:03:25","date_gmt":"2021-06-01T20:03:25","guid":{"rendered":"http:\/\/urmet.flatcode.hr\/?post_type=product&#038;p=2347"},"modified":"2024-01-30T14:48:57","modified_gmt":"2024-01-30T14:48:57","slug":"analogni-kit-sustavi-audio-1122-601","status":"publish","type":"product","link":"https:\/\/urmet-vezave.si\/hr\/izdelki\/domofoni\/domofonski-kitovi\/analogni-kit-sustavi-audio-1122-601\/","title":{"rendered":"Analogni kit sustavi &#8211; audio &#8211; 1122\/601"},"content":{"rendered":"","protected":false},"excerpt":{"rendered":"<p>Nadgradna audio Mikra jedinica sa pripremom za jednu ili dvije tipke,<br \/>\naluminij, osvjetljenje bijele boje, IP44.<br \/>\nMogu\u0107nost ugradne monta\u017ee sa kutijom 1122\/50.<br \/>\nDimenzije (V x \u0160 x D): 185 x 99 x 22 mm.<\/p>\n<p>Unutarnja jedinica Miro sa dodatnom tipkom i mogu\u0107no\u0161\u0107u dodavanja<br \/>\njo\u0161 dvije tipke koje se koriste za me\u0111usobnu komunikaciju (do 4 ure\u0111aja),<br \/>\npaljenje rasvjete.Kabel slu\u0161alice mogu\u0107e odspojiti od baze, ku\u0107i\u0161te bijele boje, ABS<br \/>\nDimenzije: D x V x \u0160: 52 x 200 x 90 mm<\/p>\n<p><a href=\"https:\/\/urmet-vezave.si\/wp-content\/uploads\/2021\/06\/certifikat-1122_601.pdf\" target=\"_blank\" rel=\"noopener\">CERTIFIKAT_1122_601<\/a><br \/>\n<a href=\"https:\/\/urmet-vezave.si\/wp-content\/uploads\/2021\/06\/UPUTE-ZA-MONTAZU-1122_601_hr.pdf\" target=\"_blank\" rel=\"noopener\">UPUTE ZA MONTAZU 1122_601_hr<\/a><br \/>\n<a href=\"https:\/\/urmet-vezave.si\/wp-content\/uploads\/2021\/06\/shema-1122_601.pdf\" target=\"_blank\" rel=\"noopener\">SHEMA SPAJANJA_1122_601<\/a><\/p>\n","protected":false},"featured_media":2348,"template":"","meta":[],"product_cat":[115,29,75],"product_tag":[],"_links":{"self":[{"href":"https:\/\/urmet-vezave.si\/hr\/wp-json\/wp\/v2\/product\/2347"}],"collection":[{"href":"https:\/\/urmet-vezave.si\/hr\/wp-json\/wp\/v2\/product"}],"about":[{"href":"https:\/\/urmet-vezave.si\/hr\/wp-json\/wp\/v2\/types\/product"}],"wp:featuredmedia":[{"embeddable":true,"href":"https:\/\/urmet-vezave.si\/hr\/wp-json\/wp\/v2\/media\/2348"}],"wp:attachment":[{"href":"https:\/\/urmet-vezave.si\/hr\/wp-json\/wp\/v2\/media?parent=2347"}],"wp:term":[{"taxonomy":"product_cat","embeddable":true,"href":"https:\/\/urmet-vezave.si\/hr\/wp-json\/wp\/v2\/product_cat?post=2347"},{"taxonomy":"product_tag","embeddable":true,"href":"https:\/\/urmet-vezave.si\/hr\/wp-json\/wp\/v2\/product_tag?post=2347"}],"curies":[{"name":"wp","href":"https:\/\/api.w.org\/{rel}","templated":true}]}}