{"id":2334,"date":"2021-06-01T19:49:02","date_gmt":"2021-06-01T19:49:02","guid":{"rendered":"http:\/\/urmet.flatcode.hr\/?post_type=product&#038;p=2334"},"modified":"2024-01-30T14:53:06","modified_gmt":"2024-01-30T14:53:06","slug":"video-portafonski-sistem-urmet-alpha","status":"publish","type":"product","link":"https:\/\/urmet-vezave.si\/hr\/izdelki\/domofoni\/video-portafonski-sistem-urmet-alpha\/","title":{"rendered":"Video portafonski sistem Urmet alpha"},"content":{"rendered":"","protected":false},"excerpt":{"rendered":"<p>Nova linija modularnih ulaznih jedinica<br \/>\nPrikaz tijeka poziva i izbornik na hrvatskom jeziku<br \/>\nProgramiranje upotrebom Wi-Fi veze sa vanjskom jedinicom<br \/>\nIP55 stupanj za\u0161tite od pra\u0161ine i vlage<br \/>\nIK08 stupanj za\u0161tite od udarca<br \/>\n\u0160irokokutna kamera 113\u00b0 \/ 92\u00b0<br \/>\n&#8220;Twilight&#8221; senzor za optimalno no\u0107no osvjetljenje<br \/>\nBrza i jednostavna monta\u017ea<br \/>\nMinimalna dubina ure\u0111aja, nad\u017ebukno 29mm, pod\u017ebukno 12mm<br \/>\nDobavljivo u crnoj ili bijeloj boji<\/p>\n<p><a href=\"https:\/\/urmet-vezave.si\/wp-content\/uploads\/2021\/06\/Datasheet_Alpha.pdf\" target=\"_blank\" rel=\"noopener\">TEHNICKI LIST_ALPHA<\/a><br \/>\n<a href=\"https:\/\/urmet-vezave.si\/wp-content\/uploads\/2021\/06\/CERTIFIKAT_1083_48.pdf\" target=\"_blank\" rel=\"noopener\">CERTIFIKAT_1083_48<\/a><br \/>\n<a href=\"https:\/\/urmet-vezave.si\/wp-content\/uploads\/2021\/06\/1083_48-montaza.pdf\" target=\"_blank\" rel=\"noopener\">UPUTE ZA MONTAZU_1083_48<\/a><br \/>\n<a href=\"https:\/\/urmet-vezave.si\/wp-content\/uploads\/2021\/06\/Shema-1-ulaz.pdf\" target=\"_blank\" rel=\"noopener\">Shema spajanja 1 ulaz<\/a><br \/>\n<a href=\"https:\/\/urmet-vezave.si\/wp-content\/uploads\/2021\/06\/Shema-2-ulaza.pdf\" target=\"_blank\" rel=\"noopener\">Shema spajanja 2 ulaza<\/a><br \/>\n<a href=\"https:\/\/urmet-vezave.si\/wp-content\/uploads\/2021\/06\/Shema-3-ulaza.pdf\" target=\"_blank\" rel=\"noopener\">Shema spajanja 3 ulaza<\/a><\/p>\n","protected":false},"featured_media":2335,"template":"","meta":[],"product_cat":[29],"product_tag":[],"_links":{"self":[{"href":"https:\/\/urmet-vezave.si\/hr\/wp-json\/wp\/v2\/product\/2334"}],"collection":[{"href":"https:\/\/urmet-vezave.si\/hr\/wp-json\/wp\/v2\/product"}],"about":[{"href":"https:\/\/urmet-vezave.si\/hr\/wp-json\/wp\/v2\/types\/product"}],"wp:featuredmedia":[{"embeddable":true,"href":"https:\/\/urmet-vezave.si\/hr\/wp-json\/wp\/v2\/media\/2335"}],"wp:attachment":[{"href":"https:\/\/urmet-vezave.si\/hr\/wp-json\/wp\/v2\/media?parent=2334"}],"wp:term":[{"taxonomy":"product_cat","embeddable":true,"href":"https:\/\/urmet-vezave.si\/hr\/wp-json\/wp\/v2\/product_cat?post=2334"},{"taxonomy":"product_tag","embeddable":true,"href":"https:\/\/urmet-vezave.si\/hr\/wp-json\/wp\/v2\/product_tag?post=2334"}],"curies":[{"name":"wp","href":"https:\/\/api.w.org\/{rel}","templated":true}]}}