{"id":2330,"date":"2021-06-01T19:40:16","date_gmt":"2021-06-01T19:40:16","guid":{"rendered":"http:\/\/urmet.flatcode.hr\/?post_type=product&#038;p=2330"},"modified":"2024-01-30T14:53:53","modified_gmt":"2024-01-30T14:53:53","slug":"velos-piktogramska-svjetiljka","status":"publish","type":"product","link":"https:\/\/urmet-vezave.si\/hr\/izdelki\/nuzna-rasvjeta\/velos-piktogramska-svjetiljka\/","title":{"rendered":"Velos piktogramska svjetiljka"},"content":{"rendered":"","protected":false},"excerpt":{"rendered":"<p>Velos piktogramska svjetiljka pogodna je za prostore gdje se zahtjeva dizajn. Zahvaljuju\u0107i \u0161irokoj paleti dodatne opreme svjetiljka je prigodna za ugradnu, ovjesnu, zidnu, i monta\u017eu okomito na zid.<\/p>\n<p><a href=\"https:\/\/urmet-vezave.si\/wp-content\/uploads\/2021\/06\/DATASHEET_Velos.pdf\" target=\"_blank\" rel=\"noopener\">TEHNI\u010cKI LIST_Velos<\/a><br \/>\n<a href=\"https:\/\/urmet-vezave.si\/wp-content\/uploads\/2021\/06\/CERTIFIKAT_Velos.pdf\" target=\"_blank\" rel=\"noopener\">CERTIFIKAT_Velos<\/a><br \/>\n<a href=\"https:\/\/urmet-vezave.si\/wp-content\/uploads\/2021\/06\/UPUTE_Velos.pdf\" target=\"_blank\" rel=\"noopener\">UPUTE_Velos<\/a><\/p>\n","protected":false},"featured_media":5250,"template":"","meta":[],"product_cat":[25,26],"product_tag":[],"_links":{"self":[{"href":"https:\/\/urmet-vezave.si\/hr\/wp-json\/wp\/v2\/product\/2330"}],"collection":[{"href":"https:\/\/urmet-vezave.si\/hr\/wp-json\/wp\/v2\/product"}],"about":[{"href":"https:\/\/urmet-vezave.si\/hr\/wp-json\/wp\/v2\/types\/product"}],"wp:featuredmedia":[{"embeddable":true,"href":"https:\/\/urmet-vezave.si\/hr\/wp-json\/wp\/v2\/media\/5250"}],"wp:attachment":[{"href":"https:\/\/urmet-vezave.si\/hr\/wp-json\/wp\/v2\/media?parent=2330"}],"wp:term":[{"taxonomy":"product_cat","embeddable":true,"href":"https:\/\/urmet-vezave.si\/hr\/wp-json\/wp\/v2\/product_cat?post=2330"},{"taxonomy":"product_tag","embeddable":true,"href":"https:\/\/urmet-vezave.si\/hr\/wp-json\/wp\/v2\/product_tag?post=2330"}],"curies":[{"name":"wp","href":"https:\/\/api.w.org\/{rel}","templated":true}]}}