{"id":2328,"date":"2021-06-01T19:38:47","date_gmt":"2021-06-01T19:38:47","guid":{"rendered":"http:\/\/urmet.flatcode.hr\/?post_type=product&#038;p=2328"},"modified":"2024-01-30T14:55:37","modified_gmt":"2024-01-30T14:55:37","slug":"svjetiljka-za-odrzavanje-socijalne-distance","status":"publish","type":"product","link":"https:\/\/urmet-vezave.si\/hr\/izdelki\/nuzna-rasvjeta\/svjetiljka-za-odrzavanje-socijalne-distance\/","title":{"rendered":"Svjetiljka za odr\u017eavanje socijalne distance"},"content":{"rendered":"","protected":false},"excerpt":{"rendered":"<p>Kao svoj doprinos pri sprije\u010davanju \u0161irenja epidemije korona virusa, Eaton razvija svjetiljku za odr\u017eavanje socijalne distance. Ista svjetiljka pogodna za zidnu i stropnu monta\u017eu, sa oznakama od 1m ili 2m.<\/p>\n<p><a href=\"https:\/\/urmet-vezave.si\/wp-content\/uploads\/2021\/06\/DATASHEET_Distance-signaling-ENG.pdf\" target=\"_blank\" rel=\"noopener\">TEHNI\u010cKI LIST_ENG<\/a><br \/>\n<a href=\"https:\/\/urmet-vezave.si\/wp-content\/uploads\/2021\/06\/DATASHEET_Distance-signaling-HR.pdf\" target=\"_blank\" rel=\"noopener\">TEHNI\u010cKI LIST_HR<\/a><\/p>\n","protected":false},"featured_media":2329,"template":"","meta":[],"product_cat":[25,26],"product_tag":[],"_links":{"self":[{"href":"https:\/\/urmet-vezave.si\/hr\/wp-json\/wp\/v2\/product\/2328"}],"collection":[{"href":"https:\/\/urmet-vezave.si\/hr\/wp-json\/wp\/v2\/product"}],"about":[{"href":"https:\/\/urmet-vezave.si\/hr\/wp-json\/wp\/v2\/types\/product"}],"wp:featuredmedia":[{"embeddable":true,"href":"https:\/\/urmet-vezave.si\/hr\/wp-json\/wp\/v2\/media\/2329"}],"wp:attachment":[{"href":"https:\/\/urmet-vezave.si\/hr\/wp-json\/wp\/v2\/media?parent=2328"}],"wp:term":[{"taxonomy":"product_cat","embeddable":true,"href":"https:\/\/urmet-vezave.si\/hr\/wp-json\/wp\/v2\/product_cat?post=2328"},{"taxonomy":"product_tag","embeddable":true,"href":"https:\/\/urmet-vezave.si\/hr\/wp-json\/wp\/v2\/product_tag?post=2328"}],"curies":[{"name":"wp","href":"https:\/\/api.w.org\/{rel}","templated":true}]}}