{"id":2318,"date":"2021-06-01T19:28:22","date_gmt":"2021-06-01T19:28:22","guid":{"rendered":"http:\/\/urmet.flatcode.hr\/?post_type=product&#038;p=2318"},"modified":"2024-01-30T14:59:36","modified_gmt":"2024-01-30T14:59:36","slug":"nexitech-svjetiljke","status":"publish","type":"product","link":"https:\/\/urmet-vezave.si\/hr\/izdelki\/nuzna-rasvjeta\/nexitech-svjetiljke\/","title":{"rendered":"NexiTech i NexiLite svjetiljke"},"content":{"rendered":"","protected":false},"excerpt":{"rendered":"<p>NexiTech (sa autotest funkcijom) i NexiLite (bez autotest funkcije) svjetiljke nu\u017ene rasvjete modernog su dizajna i jednostavnog oblika, \u0161to ih \u010dini idealnim izborom kod svakog arhitektonskog konteksta.<\/p>\n<p><a href=\"https:\/\/urmet-vezave.si\/wp-content\/uploads\/2021\/06\/DATASHEET_NexiTech-NexiLite_-HR.pdf\" target=\"_blank\" rel=\"noopener\">TEHNI\u010cKI LIST_NexiTech &amp; NexiLite_ HR<\/a><br \/>\n<a href=\"https:\/\/urmet-vezave.si\/wp-content\/uploads\/2021\/06\/CERTIFIKAT_NexiLite.pdf\" target=\"_blank\" rel=\"noopener\">CERTIFIKAT_NexiLite<\/a><br \/>\n<a href=\"https:\/\/urmet-vezave.si\/wp-content\/uploads\/2021\/06\/CERTIFIKAT_NexiTech.pdf\" target=\"_blank\" rel=\"noopener\">CERTIFIKAT_NexiTech<\/a><br \/>\n<a href=\"https:\/\/urmet-vezave.si\/wp-content\/uploads\/2021\/06\/UPUTE_NexiLite-NexiTech.pdf\" target=\"_blank\" rel=\"noopener\">UPUTE_NexiLite &amp; NexiTech<\/a><br \/>\n<a href=\"https:\/\/urmet-vezave.si\/wp-content\/uploads\/2021\/06\/Dodatna-oprema_NexiTech-NexiLite.pdf\" target=\"_blank\" rel=\"noopener\">Dodatna oprema_NexiTech &amp; NexiLite<\/a><br \/>\n<a href=\"https:\/\/urmet-vezave.si\/wp-content\/uploads\/2021\/06\/FOTOMETRIJE-NEXITECH-I-NEXILITE.zip\" target=\"_blank\" rel=\"noopener\">FOTOMETRIJE &#8211; NEXITECH I NEXILITE<\/a><\/p>\n","protected":false},"featured_media":2319,"template":"","meta":[],"product_cat":[25,26],"product_tag":[],"_links":{"self":[{"href":"https:\/\/urmet-vezave.si\/hr\/wp-json\/wp\/v2\/product\/2318"}],"collection":[{"href":"https:\/\/urmet-vezave.si\/hr\/wp-json\/wp\/v2\/product"}],"about":[{"href":"https:\/\/urmet-vezave.si\/hr\/wp-json\/wp\/v2\/types\/product"}],"wp:featuredmedia":[{"embeddable":true,"href":"https:\/\/urmet-vezave.si\/hr\/wp-json\/wp\/v2\/media\/2319"}],"wp:attachment":[{"href":"https:\/\/urmet-vezave.si\/hr\/wp-json\/wp\/v2\/media?parent=2318"}],"wp:term":[{"taxonomy":"product_cat","embeddable":true,"href":"https:\/\/urmet-vezave.si\/hr\/wp-json\/wp\/v2\/product_cat?post=2318"},{"taxonomy":"product_tag","embeddable":true,"href":"https:\/\/urmet-vezave.si\/hr\/wp-json\/wp\/v2\/product_tag?post=2318"}],"curies":[{"name":"wp","href":"https:\/\/api.w.org\/{rel}","templated":true}]}}