{"id":1949,"date":"2021-05-27T14:09:15","date_gmt":"2021-05-27T14:09:15","guid":{"rendered":"http:\/\/urmet.flatcode.hr\/?post_type=product&#038;p=1949"},"modified":"2024-01-30T15:07:33","modified_gmt":"2024-01-30T15:07:33","slug":"beamlite-svjetiljka","status":"publish","type":"product","link":"https:\/\/urmet-vezave.si\/hr\/izdelki\/nuzna-rasvjeta\/beamlite-svjetiljka\/","title":{"rendered":"Beamlite svjetiljka"},"content":{"rendered":"","protected":false},"excerpt":{"rendered":"<p>Beamlite svjetiljka nu\u017ene rasvjete pru\u017ea rje\u0161enje za \u0161irokokutno osvjetljenje prostora, kao i uskosnopno osvjetljenje puta evakuacije ili osvjetljavanje ru\u010dne protupo\u017earne opreme zahvaljuju\u0107i podesivoj optici svjetiljke.<\/p>\n<p><a href=\"https:\/\/urmet-vezave.si\/wp-content\/uploads\/2021\/05\/DATASHEET_Beamlite-II.pdf\" target=\"_blank\" rel=\"noopener\">TEHNICKI LIST_Beamlite II<\/a><br \/>\n<a href=\"https:\/\/urmet-vezave.si\/wp-content\/uploads\/2021\/05\/CERTIFIKAT_BeamLite-II.pdf\" target=\"_blank\" rel=\"noopener\">CERTIFIKAT_BeamLite II<\/a><br \/>\n<a href=\"https:\/\/urmet-vezave.si\/wp-content\/uploads\/2021\/05\/UPUTE_BeamLite-II.pdf\" target=\"_blank\" rel=\"noopener\">UPUTE_BeamLite II<\/a><br \/>\n<a href=\"https:\/\/urmet-vezave.si\/wp-content\/uploads\/2021\/05\/FOTOMETRIJE-BEAMLITE.zip\" target=\"_blank\" rel=\"noopener\">FOTOMETRIJE &#8211; BEAMLITE<\/a><\/p>\n","protected":false},"featured_media":5341,"template":"","meta":[],"product_cat":[25,26],"product_tag":[],"_links":{"self":[{"href":"https:\/\/urmet-vezave.si\/hr\/wp-json\/wp\/v2\/product\/1949"}],"collection":[{"href":"https:\/\/urmet-vezave.si\/hr\/wp-json\/wp\/v2\/product"}],"about":[{"href":"https:\/\/urmet-vezave.si\/hr\/wp-json\/wp\/v2\/types\/product"}],"wp:featuredmedia":[{"embeddable":true,"href":"https:\/\/urmet-vezave.si\/hr\/wp-json\/wp\/v2\/media\/5341"}],"wp:attachment":[{"href":"https:\/\/urmet-vezave.si\/hr\/wp-json\/wp\/v2\/media?parent=1949"}],"wp:term":[{"taxonomy":"product_cat","embeddable":true,"href":"https:\/\/urmet-vezave.si\/hr\/wp-json\/wp\/v2\/product_cat?post=1949"},{"taxonomy":"product_tag","embeddable":true,"href":"https:\/\/urmet-vezave.si\/hr\/wp-json\/wp\/v2\/product_tag?post=1949"}],"curies":[{"name":"wp","href":"https:\/\/api.w.org\/{rel}","templated":true}]}}