{"id":1942,"date":"2021-05-27T12:33:50","date_gmt":"2021-05-27T12:33:50","guid":{"rendered":"http:\/\/urmet.flatcode.hr\/?post_type=product&#038;p=1942"},"modified":"2024-01-30T15:08:36","modified_gmt":"2024-01-30T15:08:36","slug":"atlantic-led","status":"publish","type":"product","link":"https:\/\/urmet-vezave.si\/hr\/izdelki\/nuzna-rasvjeta\/atlantic-led\/","title":{"rendered":"Atlantic LED"},"content":{"rendered":"","protected":false},"excerpt":{"rendered":"<p>Svjetiljka nu\u017ene rasvjete Atlantic LED prigodna je za industrijske primjene zahvaljuju\u0107i aluminijskom ku\u0107i\u0161tu.<\/p>\n<p>Dostupna je u izvedbi sa i bez piktogramske oznake.<\/p>\n<p><a href=\"https:\/\/urmet-vezave.si\/wp-content\/uploads\/2021\/05\/DATASHEET_Atlantic-LED-CGLine.pdf\" target=\"_blank\" rel=\"noopener\">TEHNI\u010cKI LIST_Atlantic LED CGLine+<\/a><br \/>\n<a href=\"https:\/\/urmet-vezave.si\/wp-content\/uploads\/2021\/05\/CERTIFIKAT_Atlantic-LED-CGLine.pdf\" target=\"_blank\" rel=\"noopener\">CERTIFIKAT_Atlantic LED CGLine+<\/a><br \/>\n<a href=\"https:\/\/urmet-vezave.si\/wp-content\/uploads\/2021\/05\/UPUTE_Atlantic-LED-CGLine.pdf\" target=\"_blank\" rel=\"noopener\">UPUTE_Atlantic LED CGLine+<\/a><br \/>\n<a href=\"https:\/\/urmet-vezave.si\/wp-content\/uploads\/2021\/05\/FOTOMETRIJE-ATLANTIC-LED.zip\" target=\"_blank\" rel=\"noopener\">FOTOMETRIJE &#8211; ATLANTIC LED<\/a><\/p>\n","protected":false},"featured_media":5352,"template":"","meta":[],"product_cat":[25,26],"product_tag":[],"_links":{"self":[{"href":"https:\/\/urmet-vezave.si\/hr\/wp-json\/wp\/v2\/product\/1942"}],"collection":[{"href":"https:\/\/urmet-vezave.si\/hr\/wp-json\/wp\/v2\/product"}],"about":[{"href":"https:\/\/urmet-vezave.si\/hr\/wp-json\/wp\/v2\/types\/product"}],"wp:featuredmedia":[{"embeddable":true,"href":"https:\/\/urmet-vezave.si\/hr\/wp-json\/wp\/v2\/media\/5352"}],"wp:attachment":[{"href":"https:\/\/urmet-vezave.si\/hr\/wp-json\/wp\/v2\/media?parent=1942"}],"wp:term":[{"taxonomy":"product_cat","embeddable":true,"href":"https:\/\/urmet-vezave.si\/hr\/wp-json\/wp\/v2\/product_cat?post=1942"},{"taxonomy":"product_tag","embeddable":true,"href":"https:\/\/urmet-vezave.si\/hr\/wp-json\/wp\/v2\/product_tag?post=1942"}],"curies":[{"name":"wp","href":"https:\/\/api.w.org\/{rel}","templated":true}]}}