{"id":7393,"date":"2022-08-25T17:57:07","date_gmt":"2022-08-25T17:57:07","guid":{"rendered":"https:\/\/urmet-vezave.si\/politika-privatnosti\/"},"modified":"2023-12-14T13:46:11","modified_gmt":"2023-12-14T13:46:11","slug":"politika-privatnosti","status":"publish","type":"page","link":"https:\/\/urmet-vezave.si\/hr\/politika-privatnosti\/","title":{"rendered":"Politika privatnosti"},"content":{"rendered":"\t\t<div data-elementor-type=\"wp-page\" data-elementor-id=\"7393\" class=\"elementor elementor-7393 elementor-6895\" data-elementor-settings=\"[]\">\n\t\t\t\t\t\t<div class=\"elementor-inner\">\n\t\t\t\t\t\t\t<div class=\"elementor-section-wrap\">\n\t\t\t\t\t\t\t<section class=\"elementor-section elementor-top-section elementor-element elementor-element-7c7d1d02 elementor-section-boxed elementor-section-height-default elementor-section-height-default\" data-id=\"7c7d1d02\" data-element_type=\"section\" data-settings=\"{&quot;background_background&quot;:&quot;classic&quot;}\">\n\t\t\t\t\t\t<div class=\"elementor-container elementor-column-gap-no\">\n\t\t\t\t\t\t\t<div class=\"elementor-row\">\n\t\t\t\t\t<div class=\"elementor-column elementor-col-100 elementor-top-column elementor-element elementor-element-75e2c5c2\" data-id=\"75e2c5c2\" data-element_type=\"column\">\n\t\t\t<div class=\"elementor-column-wrap elementor-element-populated\">\n\t\t\t\t\t\t\t<div class=\"elementor-widget-wrap\">\n\t\t\t\t\t\t<div class=\"elementor-element elementor-element-19251bb0 elementor-widget elementor-widget-heading\" data-id=\"19251bb0\" data-element_type=\"widget\" data-widget_type=\"heading.default\">\n\t\t\t\t<div class=\"elementor-widget-container\">\n\t\t\t<h1 class=\"elementor-heading-title elementor-size-default\">Politika privatnosti\n<\/h1>\t\t<\/div>\n\t\t\t\t<\/div>\n\t\t\t\t\t\t<\/div>\n\t\t\t\t\t<\/div>\n\t\t<\/div>\n\t\t\t\t\t\t\t\t<\/div>\n\t\t\t\t\t<\/div>\n\t\t<\/section>\n\t\t\t\t<section class=\"elementor-section elementor-top-section elementor-element elementor-element-6985336 elementor-section-boxed elementor-section-height-default elementor-section-height-default\" data-id=\"6985336\" data-element_type=\"section\">\n\t\t\t\t\t\t<div class=\"elementor-container elementor-column-gap-default\">\n\t\t\t\t\t\t\t<div class=\"elementor-row\">\n\t\t\t\t\t<div class=\"elementor-column elementor-col-100 elementor-top-column elementor-element elementor-element-0324733\" data-id=\"0324733\" data-element_type=\"column\">\n\t\t\t<div class=\"elementor-column-wrap elementor-element-populated\">\n\t\t\t\t\t\t\t<div class=\"elementor-widget-wrap\">\n\t\t\t\t\t\t<div class=\"elementor-element elementor-element-89c289a elementor-widget elementor-widget-text-editor\" data-id=\"89c289a\" data-element_type=\"widget\" data-widget_type=\"text-editor.default\">\n\t\t\t\t<div class=\"elementor-widget-container\">\n\t\t\t\t\t\t\t\t<div class=\"elementor-text-editor elementor-clearfix\">\n\t\t\t\t<h3>IZJAVA O PRIVATNOSTI KORISNIKA<\/h3>\n<p>Ova pravila o privatnosti odre\u0111uju i reguliraju kako \u201cUrmet\u201d, koristi te \u0161titi sve informacije koje dajete na ovoj web stranici. &#8220;Urmet&#8221;, stranica garantira za\u0161titu va\u0161e privatnosti.<\/p>\n<p>Kada navedete odre\u0111ene podatke po kojima vas je mogu\u0107e identificirati prilikom kori\u0161tenja ove web stranice, onda mo\u017eete biti sigurni da \u0107e se ti podaci koristiti samo u skladu s ovom izjavom o privatnosti.<\/p>\n<p>Urmet web stranica mo\u017ee mijenjati ovu izjavu te \u0107e u tom slu\u010daju a\u017eurirati ovu stranicu. Trebali biste provjeriti ovu stranicu s vremena na vrijeme kako biste se osigurali da ste suglasni sa svim promjenama.<\/p>\n<p>Na ovim web stranicama mogu se sakupljati sljede\u0107i podaci: Ime i prezime, kontakt informacije, uklju\u010duju\u0107i e-mail adresu, demografske podatke, podatke o sklonostima i interesima te ostale nama relevantne podatke druge podatke relevantne za istra\u017eivanje i analizu tr\u017ei\u0161ta, kupaca i\/ili ponude<\/p>\n<h4>Za\u0161to su nam potrebne navedene informacije?<\/h4>\n<p>Sakupljamo i analiziramo ove informacije kako bismo \u0161to bolje razumjeli va\u0161e potrebe te vam pru\u017eili bolju uslugu, a iz sljede\u0107ih razloga:<\/p>\n<p>internih vo\u0111enja evidencija<\/p>\n<p>kako bismo pobolj\u0161ali svoje proizvode i usluge<\/p>\n<p>kako bismo vam povremeno slali promotivne email-ove o novim proizvodima, posebnim ponudama ili neke druge informacije za koje mislimo da bi vam mogle biti zanimljive povremeno mo\u017eemo koristiti va\u0161e podatke kako bi vas kontaktirali u svrhu istra\u017eivanja tr\u017ei\u0161ta<\/p>\n<p>Mo\u017eda \u0107emo vas kontaktirati e-mailom, telefonom, faxom ili po\u0161tom. Koristimo va\u0161e informacije kako bi prilagodili ovu web stranicu va\u0161im interesima i potrebama.<\/p>\n<h4>Upravljanje privolama za obradu osobnih podataka<\/h4>\n<p>Prihva\u0107anjem privole za kori\u0161tenje osobnih podataka na web strancii \u201curmet-vezave.si\u201d, dajete dozvolu za kori\u0161tenje i pohranu osobnih podataka u svrhu marketin\u0161ke promid\u017ebe &#8220;Urmet&#8221; na period od 5 godina ako ranije ne povu\u010dete privolu.<\/p>\n<p>Ova privola uklju\u010duje dijeljenje va\u0161ih osobnih podataka s Google Ireland (Google), Facebook Ireland Ltd. (facebook), Instagram Inc. (Instagram) u svrhu ciljanog relevantnog ogla\u0161avanja, SendGrid Inc., The Rocket Science Group LLC MailChimp, Dostavjalec.com u svrhu slanja marketin\u0161kih e-maila.<\/p>\n<p>Vezano uz ovu privolu, \u201eUrmet\u201c uklju\u010duje: slanje marketin\u0161kih obavijesti s ponudom usluga koje pru\u017eamo na Va\u0161u e-mail adresu, slanje personalizirane e-mail poruke s ponudom usluga, Facebook Custom Audience listu za ciljane oglase s ponudom usluga, Google AdWords customer match funkciju za ciljane oglase s ponudama usluga, profiliranje korisnika radi izrade i isticanja relevantnih ponuda, ciljanje korisnika s relevantnim ponudama.<\/p>\n<p>Prihva\u0107anjem privole na newsletteru se pretpla\u0107ujete na newsletter, \u010dime se dodajete na marketing listu i dajete privolu za kori\u0161tenje osobnih podataka ime, prezime, e-mail, spol, dobnu skupinu. <br><\/p>\n<p>Naknadno \u0107emo Vas zatra\u017eiti obnovu privole prije isteka perioda od 5 godina nakon prve privole. Privolu mo\u017eete bilo kada povu\u0107i jednako lako kako ste je dali bez da navodite razlog u svojem korisni\u010dkom profilu ili klikom na link u newsletter-u.<\/p>\n<h4>Kako bi ova web stranica radila ispravno te da bismo bili u stanju vr\u0161iti daljnja unaprje\u0111enja stranice u svrhu pobolj\u0161avanja Va\u0161ega iskustva pregledavanja, ova stranica mora na Va\u0161e ra\u010dunalo spremiti malenu koli\u010dinu informacija (cookies).<\/h4>\n<p>Kako bi ova web stranica ispravno radila i kako bismo je mogli dodatno pobolj\u0161ati, te kako bismo pobolj\u0161ali va\u0161e iskustvo pregledavanja, ova web stranica mora na va\u0161e ra\u010dunalo pohraniti malu datoteku s koli\u010dinom informacija (kola\u010di\u0107i). Preko 90 % svih web stranica koristi ovu praksu, no prema odredbama Europske unije od 25. o\u017eujka 2011. obvezni smo prije spremanja kola\u010di\u0107a zatra\u017eiti va\u0161 pristanak.<\/p>\n<p>Kori\u0161tenjem web stranice pristajete na uporabu kola\u010di\u0107a. Blokiranjem kola\u010di\u0107a i dalje mo\u017eete pregledavati stranicu, no neke njezine mogu\u0107nosti ne\u0107e Vam biti dostupne.<\/p>\n<h4>\u0160to je kola\u010di\u0107?<\/h4>\n<p>Kola\u010di\u0107 je informacija spremljena na Va\u0161e ra\u010dunalo od strane web stranice koju posjetite. Kola\u010di\u0107i obi\u010dno spremaju Va\u0161e postavke, postavke za web stranicu, kao \u0161to su preferirani jezik ili adresa. Kasnije, kada opet otvorite istu web stranicu internetski preglednik \u0161alje natrag kola\u010di\u0107e koji pripadaju toj stranici. Ovo omogu\u0107ava stranici da prika\u017ee informacije prilago\u0111ene Va\u0161im potrebama. Kola\u010di\u0107i mogu spremati \u0161irok raspon informacija uklju\u010duju\u0107i osobne informacije (kao \u0161to je Va\u0161e ime ili adresa e-po\u0161te). Ipak, ova informacija mo\u017ee biti spremljena jedino ako Vi to omogu\u0107ite \u2013 web stranice ne mogu dobiti pristup informacijama koji im niste dali i ne mogu pristupiti drugim datotekama na Va\u0161em ra\u010dunalu. Zadane aktivnosti spremanja i slanja kola\u010di\u0107a Vama nisu vidljive. Ipak, mo\u017eete promjeniti postavke internetskog preglednika tako da mo\u017eete sami birati ho\u0107ete li zahtjeve za spremanje kola\u010di\u0107a odobriti ili odbiti, da pobri\u0161ete spremljene kola\u010di\u0107e automatski pri zatvaranju internetskog preglednika i sli\u010dno.<\/p>\n<h4>Kako onemogu\u0107iti kola\u010di\u0107e?<\/h4>\n<p>Isklju\u010divanjem kola\u010di\u0107a odlu\u010dujete da li ho\u0107ete dopustiti pohranjivanje kola\u010di\u0107a na va\u0161em ra\u010dunalu.<\/p>\n<p>Postavke kola\u010di\u0107a mogu se kontrolirati i konfigurirati u va\u0161em internetskome pregledniku. Za informacije o postavkama kola\u010di\u0107a, odaberite internetski preglednik koji koristite (Chrome, Firefox, Internet Explorer<\/p>\n<p>9, Internet Explorer 7 i 8, Opera, Safari..). Ako onemogu\u0107ite kola\u010di\u0107e, ne\u0107ete mo\u0107i koristiti neke od funkcionalnosti na web stranicama.<\/p>\n<h4>\u0160to su privremeni kola\u010di\u0107i?<\/h4>\n<p>Privremeni kola\u010di\u0107i ili kola\u010di\u0107i sesije uklanjaju se s ra\u010dunala po zatvaranju internetskog preglednika. Pomo\u0107u njih web-mjesta pohranjuju privremene podatke, poput stavki u ko\u0161arici za kupnju.<\/p>\n<h4>\u0160to su stalni kola\u010di\u0107i?<\/h4>\n<p>Stalni ili spremljeni kola\u010di\u0107i ostaju na ra\u010dunalu nakon zatvaranja internetskog preglednika. Pomo\u0107u njih web-mjesta pohranjuju podatke, kao \u0161to su ime za prijavu i zaporka, tako da se ne morate prijavljivati prilikom svakog posjeta odre\u0111enom mjestu. Stalni kola\u010di\u0107i ostat \u0107e na ra\u010dunalu danima, mjesecima, \u010dak i godinama.<\/p>\n<h4>\u0160to su kola\u010di\u0107i od prve strane?<\/h4>\n<p>Kola\u010di\u0107i prve strane dolaze s web-mjesta koje gledate, a mogu biti stalni ili privremeni. Pomo\u0107u tih kola\u010di\u0107a web-mjesta mogu pohraniti podatke koje \u0107e ponovo koristiti prilikom sljede\u0107eg posjeta tom web-mjestu.<\/p>\n<h4>\u0160to su kola\u010di\u0107i tre\u0107e strane?<\/h4>\n<p>Kola\u010di\u0107i tre\u0107e strane dolaze s reklama drugih web-mjesta (kao \u0161to su sko\u010dne ili bilo koje druge reklame) koje se nalaze na web-mjestu koje gledate. Pomo\u0107u tih kola\u010di\u0107a web-mjesta mogu pratiti kori\u0161tenje interneta u marketin\u0161ke svrhe.<\/p>\n<h4>Da li ova web stranica koristi kola\u010di\u0107e?<\/h4>\n<p>Da, s primarnim ciljem kako bi vam na\u0161e web stranice omogu\u0107ile bolje korisni\u010dko iskustvo.<\/p>\n<h4>Kakve kola\u010di\u0107e koristi i za\u0161to?<\/h4>\n<p>Privremeni kola\u010di\u0107i (engl. Session cookies) \u2013 to su privremeni kola\u010di\u0107i koji isti\u010du (i automatski se bri\u0161u) kada zatvorite internetski preglednik.<\/p>\n<p>Trajni kola\u010di\u0107i (engl. Persistent cookies) \u2013 obi\u010dno imaju datum isteka daleko u budu\u0107nosti te \u0107e ostati u va\u0161em pregledniku, dok ne isteknu, ili dok ih ru\u010dno ne izbri\u0161ete.<\/p>\n<h4>Da li na web-stranici ima kola\u010di\u0107a tre\u0107e strane?<\/h4>\n<p>Ima nekoliko vanjskih servisa koji korisniku spremaju limitirane kola\u010di\u0107e. Ovi kola\u010di\u0107i postavljeni su za normalno funkcioniranje odre\u0111enih mogu\u0107nosti koje korisnicima olak\u0161avaju pristup sadr\u017eaju. Trenutno omogu\u0107ujemo:<\/p>\n<p>Mjerenje posje\u0107enosti:<\/p>\n<p>Koristimo nekoliko servisa za mjerenje posje\u0107enosti, a to su: Google analytics, Gemius i Xiti.<\/p>\n<p>Ako \u017eelite onemogu\u0107iti da vam navedeni servisi spremaju kola\u010di\u0107e, mo\u017eete zabraniti za svaki servis na sljede\u0107im linkovima:<\/p>\n<p>Google Analytics &#8211; <a href=\"https:\/\/tools.google.com\/dlpage\/gaoptout\">https:\/\/tools.google.com\/dlpage\/gaoptout<\/a> Gemius<\/p>\n<p><a href=\"http:\/\/optout.hit.gemius.pl\/removeEN.php\">http:\/\/optout.hit.gemius.pl\/removeEN.php<\/a> Xiti \u2013<\/p>\n<p><a href=\"http:\/\/www.xiti.com\/en\/optout.aspx\">http:\/\/www.xiti.com\/en\/optout.aspx<\/a><\/p>\n<h4>Dodatne informacija oko isklju\u010divanja kola\u010di\u0107a<\/h4>\n<p>Trenutno postoji nekoliko web-stranica za isklju\u010divanje pohranjivanja kola\u010di\u0107a za razli\u010dite servise. Vi\u0161e se mo\u017eete informirati na sljede\u0107em linku: <a href=\"http:\/\/www.allaboutcookies.org\">www.allaboutcookies.org<\/a><\/p>\n<p>Za vi\u0161e informacija o ovoj temi, slobodno nas kontaktirajte na e-mail <a href=\"mailto:info@vezave.si\">info@vezave.si<\/a><\/p>\t\t\t\t\t<\/div>\n\t\t\t\t\t\t<\/div>\n\t\t\t\t<\/div>\n\t\t\t\t\t\t<\/div>\n\t\t\t\t\t<\/div>\n\t\t<\/div>\n\t\t\t\t\t\t\t\t<\/div>\n\t\t\t\t\t<\/div>\n\t\t<\/section>\n\t\t\t\t\t\t<\/div>\n\t\t\t\t\t\t<\/div>\n\t\t\t\t\t<\/div>\n\t\t","protected":false},"excerpt":{"rendered":"<p>Politika privatnosti IZJAVA O PRIVATNOSTI KORISNIKA Ova pravila o privatnosti odre\u0111uju i reguliraju kako \u201cUrmet\u201d, koristi te \u0161titi sve informacije koje dajete na ovoj web stranici. &#8220;Urmet&#8221;, stranica garantira za\u0161titu va\u0161e privatnosti. Kada navedete odre\u0111ene podatke po kojima vas je mogu\u0107e identificirati prilikom kori\u0161tenja ove web stranice, onda mo\u017eete biti sigurni da \u0107e se ti &hellip;<\/p>\n<p class=\"read-more\"> <a class=\"\" href=\"https:\/\/urmet-vezave.si\/hr\/politika-privatnosti\/\"> <span class=\"screen-reader-text\">Politika privatnosti<\/span> Read More \u00bb<\/a><\/p>\n","protected":false},"author":1,"featured_media":0,"parent":0,"menu_order":0,"comment_status":"closed","ping_status":"closed","template":"","meta":[],"_links":{"self":[{"href":"https:\/\/urmet-vezave.si\/hr\/wp-json\/wp\/v2\/pages\/7393"}],"collection":[{"href":"https:\/\/urmet-vezave.si\/hr\/wp-json\/wp\/v2\/pages"}],"about":[{"href":"https:\/\/urmet-vezave.si\/hr\/wp-json\/wp\/v2\/types\/page"}],"author":[{"embeddable":true,"href":"https:\/\/urmet-vezave.si\/hr\/wp-json\/wp\/v2\/users\/1"}],"replies":[{"embeddable":true,"href":"https:\/\/urmet-vezave.si\/hr\/wp-json\/wp\/v2\/comments?post=7393"}],"version-history":[{"count":7,"href":"https:\/\/urmet-vezave.si\/hr\/wp-json\/wp\/v2\/pages\/7393\/revisions"}],"predecessor-version":[{"id":7403,"href":"https:\/\/urmet-vezave.si\/hr\/wp-json\/wp\/v2\/pages\/7393\/revisions\/7403"}],"wp:attachment":[{"href":"https:\/\/urmet-vezave.si\/hr\/wp-json\/wp\/v2\/media?parent=7393"}],"curies":[{"name":"wp","href":"https:\/\/api.w.org\/{rel}","templated":true}]}}